{"id":999956395,"date":"2025-02-14T12:13:31","date_gmt":"2025-02-14T18:13:31","guid":{"rendered":"http:\/\/test.ses-gro.gob.mx\/?page_id=999956395"},"modified":"2026-04-07T12:21:57","modified_gmt":"2026-04-07T18:21:57","slug":"politica-de-calidad","status":"publish","type":"page","link":"https:\/\/lesp.ses-gro.gob.mx\/?page_id=999956395","title":{"rendered":"Pol\u00edtica de calidad"},"content":{"rendered":"\t\t<div data-elementor-type=\"wp-page\" data-elementor-id=\"999956395\" class=\"elementor elementor-999956395\">\n\t\t\t\t\t\t<section class=\"elementor-section elementor-top-section elementor-element elementor-element-a70ccaa elementor-section-stretched elementor-section-boxed elementor-section-height-default elementor-section-height-default\" data-id=\"a70ccaa\" data-element_type=\"section\" data-settings=\"{&quot;stretch_section&quot;:&quot;section-stretched&quot;}\">\n\t\t\t\t\t\t<div class=\"elementor-container elementor-column-gap-default\">\n\t\t\t\t\t<div class=\"elementor-column elementor-col-100 elementor-top-column elementor-element elementor-element-457227e\" data-id=\"457227e\" data-element_type=\"column\">\n\t\t\t<div class=\"elementor-widget-wrap elementor-element-populated\">\n\t\t\t\t\t\t<div class=\"elementor-element elementor-element-86dd08a elementor-widget elementor-widget-image\" data-id=\"86dd08a\" data-element_type=\"widget\" data-widget_type=\"image.default\">\n\t\t\t\t<div class=\"elementor-widget-container\">\n\t\t\t\t\t\t\t\t\t\t\t\t\t\t\t<img decoding=\"async\" src=\"http:\/\/kiante.wowtheme7.com\/wp-content\/uploads\/2022\/04\/andrew-neel-K7JEYFDictM-unsplash.jpg\" title=\"\" alt=\"\" loading=\"lazy\" \/>\t\t\t\t\t\t\t\t\t\t\t\t\t\t\t<\/div>\n\t\t\t\t<\/div>\n\t\t\t\t\t<\/div>\n\t\t<\/div>\n\t\t\t\t\t<\/div>\n\t\t<\/section>\n\t\t<div class=\"elementor-element elementor-element-a0a55d2 e-flex e-con-boxed e-con e-parent\" data-id=\"a0a55d2\" data-element_type=\"container\">\n\t\t\t\t\t<div class=\"e-con-inner\">\n\t\t\t\t<div class=\"elementor-element elementor-element-95a42cd elementor-widget elementor-widget-text-editor\" data-id=\"95a42cd\" data-element_type=\"widget\" data-widget_type=\"text-editor.default\">\n\t\t\t\t<div class=\"elementor-widget-container\">\n\t\t\t\t\t\t\t\t\t<h1><strong>POL\u00cdTICA, DE GESTI\u00d3N DEL RIESGO BIOL\u00d3GICO<\/strong><\/h1><p>El\u00a0Laboratorio Estatal de Salud P\u00fablica \u201cDr. Galo Sober\u00f3n y Parra\u201d\u00a0est\u00e1 comprometido con la\u00a0gesti\u00f3n eficaz del riesgo biol\u00f3gico, con el prop\u00f3sito de\u00a0proteger la salud y seguridad del personal, visitantes y del medio ambiente, as\u00ed como prevenir la liberaci\u00f3n accidental o intencional de materiales biol\u00f3gicos.<\/p><p>Para ello, el laboratorio se compromete a:<\/p><ul><li><strong>Identificar, evaluar y controlar los riesgos biol\u00f3gicos<\/strong>derivados de las actividades que se realizan en las \u00e1reas administrativas, de Vigilancia Epidemiol\u00f3gica, Vigilancia Sanitaria y en la Coordinaci\u00f3n de Recepci\u00f3n de Muestras y Atenci\u00f3n al P\u00fablico.<\/li><li><strong>Aplicar medidas de bioseguridad y biocustodia<\/strong>que reduzcan el riesgo de exposici\u00f3n, p\u00e9rdida, robo o liberaci\u00f3n de materiales biol\u00f3gico\u2011infecciosos, toxinas y sustancias qu\u00edmicas manejadas en la instituci\u00f3n.<\/li><li><strong>Garantizar condiciones seguras de trabajo<\/strong>, promoviendo el uso adecuado del equipo de protecci\u00f3n personal, la correcta se\u00f1alizaci\u00f3n de riesgos, el control de accesos y el cumplimiento de las buenas pr\u00e1cticas de laboratorio.<\/li><li><strong>Asegurar que todo el personal cuente con la competencia necesaria<\/strong>mediante capacitaci\u00f3n, sensibilizaci\u00f3n y actualizaci\u00f3n continua en gesti\u00f3n del riesgo biol\u00f3gico, fomentando una cultura de autoprotecci\u00f3n y responsabilidad.<\/li><li><strong>Mantener la imparcialidad en las actividades del laboratorio<\/strong>, evitando conflictos de inter\u00e9s que puedan afectar la seguridad, la calidad o la integridad del Sistema de Gesti\u00f3n del Riesgo Biol\u00f3gico.<\/li><li><strong>Evaluar y mejorar continuamente la eficacia del Sistema de Gesti\u00f3n del Riesgo Biol\u00f3gico<\/strong>, mediante el seguimiento de indicadores, la revisi\u00f3n de incidentes, no conformidades y la implementaci\u00f3n de acciones correctivas.<\/li><li><strong>Comunicar de manera clara y oportuna<\/strong>las responsabilidades, obligaciones y medidas de control en materia de riesgo biol\u00f3gico a todo el personal, visitantes y partes interesadas.<\/li><\/ul><p>Esta pol\u00edtica se implementa con apego a la\u00a0<strong>Norma Internacional ISO 35001:2019<\/strong>, al\u00a0<strong>Sistema de Gesti\u00f3n de la Calidad<\/strong>, a la normatividad aplicable y a los principios \u00e9ticos de la instituci\u00f3n, dando prioridad a la\u00a0<strong>salud y seguridad<\/strong>\u00a0sobre cualquier otro requisito operativo.<\/p>\t\t\t\t\t\t\t\t<\/div>\n\t\t\t\t<\/div>\n\t\t\t\t\t<\/div>\n\t\t\t\t<\/div>\n\t\t\t\t<\/div>\n\t\t","protected":false},"excerpt":{"rendered":"<p>POL\u00cdTICA, DE GESTI\u00d3N DEL RIESGO BIOL\u00d3GICO El\u00a0Laboratorio Estatal de Salud P\u00fablica \u201cDr. Galo Sober\u00f3n y Parra\u201d\u00a0est\u00e1 comprometido con la\u00a0gesti\u00f3n eficaz del riesgo biol\u00f3gico, con el prop\u00f3sito de\u00a0proteger la salud y seguridad del personal, visitantes y del medio ambiente, as\u00ed como prevenir la liberaci\u00f3n accidental o intencional de materiales biol\u00f3gicos. Para ello, el laboratorio se compromete [&hellip;]<\/p>\n","protected":false},"author":1,"featured_media":0,"parent":0,"menu_order":0,"comment_status":"closed","ping_status":"closed","template":"","meta":{"footnotes":""},"class_list":["post-999956395","page","type-page","status-publish","hentry"],"_links":{"self":[{"href":"https:\/\/lesp.ses-gro.gob.mx\/index.php?rest_route=\/wp\/v2\/pages\/999956395","targetHints":{"allow":["GET"]}}],"collection":[{"href":"https:\/\/lesp.ses-gro.gob.mx\/index.php?rest_route=\/wp\/v2\/pages"}],"about":[{"href":"https:\/\/lesp.ses-gro.gob.mx\/index.php?rest_route=\/wp\/v2\/types\/page"}],"author":[{"embeddable":true,"href":"https:\/\/lesp.ses-gro.gob.mx\/index.php?rest_route=\/wp\/v2\/users\/1"}],"replies":[{"embeddable":true,"href":"https:\/\/lesp.ses-gro.gob.mx\/index.php?rest_route=%2Fwp%2Fv2%2Fcomments&post=999956395"}],"version-history":[{"count":16,"href":"https:\/\/lesp.ses-gro.gob.mx\/index.php?rest_route=\/wp\/v2\/pages\/999956395\/revisions"}],"predecessor-version":[{"id":999956901,"href":"https:\/\/lesp.ses-gro.gob.mx\/index.php?rest_route=\/wp\/v2\/pages\/999956395\/revisions\/999956901"}],"wp:attachment":[{"href":"https:\/\/lesp.ses-gro.gob.mx\/index.php?rest_route=%2Fwp%2Fv2%2Fmedia&parent=999956395"}],"curies":[{"name":"wp","href":"https:\/\/api.w.org\/{rel}","templated":true}]}}