{"id":999956385,"date":"2025-02-14T12:05:16","date_gmt":"2025-02-14T18:05:16","guid":{"rendered":"http:\/\/test.ses-gro.gob.mx\/?page_id=999956385"},"modified":"2026-02-09T10:17:50","modified_gmt":"2026-02-09T16:17:50","slug":"mision-y-vision","status":"publish","type":"page","link":"https:\/\/lesp.ses-gro.gob.mx\/?page_id=999956385","title":{"rendered":"Misi\u00f3n y Visi\u00f3n"},"content":{"rendered":"\t\t<div data-elementor-type=\"wp-page\" data-elementor-id=\"999956385\" class=\"elementor elementor-999956385\">\n\t\t\t\t\t\t<section class=\"elementor-section elementor-top-section elementor-element elementor-element-a70ccaa elementor-section-stretched elementor-section-boxed elementor-section-height-default elementor-section-height-default\" data-id=\"a70ccaa\" data-element_type=\"section\" data-settings=\"{&quot;stretch_section&quot;:&quot;section-stretched&quot;}\">\n\t\t\t\t\t\t<div class=\"elementor-container elementor-column-gap-default\">\n\t\t\t\t\t<div class=\"elementor-column elementor-col-100 elementor-top-column elementor-element elementor-element-457227e\" data-id=\"457227e\" data-element_type=\"column\">\n\t\t\t<div class=\"elementor-widget-wrap elementor-element-populated\">\n\t\t\t\t\t\t<div class=\"elementor-element elementor-element-86dd08a elementor-widget elementor-widget-image\" data-id=\"86dd08a\" data-element_type=\"widget\" data-widget_type=\"image.default\">\n\t\t\t\t<div class=\"elementor-widget-container\">\n\t\t\t\t\t\t\t\t\t\t\t\t\t\t\t<img fetchpriority=\"high\" decoding=\"async\" width=\"1920\" height=\"1280\" src=\"https:\/\/lesp.ses-gro.gob.mx\/wp-content\/uploads\/2026\/02\/andrew-neel-K7JEYFDictM-unsplash.jpg\" class=\"attachment-full size-full wp-image-999956860\" alt=\"\" srcset=\"https:\/\/lesp.ses-gro.gob.mx\/wp-content\/uploads\/2026\/02\/andrew-neel-K7JEYFDictM-unsplash.jpg 1920w, https:\/\/lesp.ses-gro.gob.mx\/wp-content\/uploads\/2026\/02\/andrew-neel-K7JEYFDictM-unsplash-300x200.jpg 300w, https:\/\/lesp.ses-gro.gob.mx\/wp-content\/uploads\/2026\/02\/andrew-neel-K7JEYFDictM-unsplash-1024x683.jpg 1024w, https:\/\/lesp.ses-gro.gob.mx\/wp-content\/uploads\/2026\/02\/andrew-neel-K7JEYFDictM-unsplash-768x512.jpg 768w, https:\/\/lesp.ses-gro.gob.mx\/wp-content\/uploads\/2026\/02\/andrew-neel-K7JEYFDictM-unsplash-1536x1024.jpg 1536w\" sizes=\"(max-width: 1920px) 100vw, 1920px\" \/>\t\t\t\t\t\t\t\t\t\t\t\t\t\t\t<\/div>\n\t\t\t\t<\/div>\n\t\t\t\t\t<\/div>\n\t\t<\/div>\n\t\t\t\t\t<\/div>\n\t\t<\/section>\n\t\t<div class=\"elementor-element elementor-element-523a3a5 e-flex e-con-boxed e-con e-parent\" data-id=\"523a3a5\" data-element_type=\"container\">\n\t\t\t\t\t<div class=\"e-con-inner\">\n\t\t<div class=\"elementor-element elementor-element-00e633c e-con-full e-flex e-con e-child\" data-id=\"00e633c\" data-element_type=\"container\">\n\t\t\t\t<div class=\"elementor-element elementor-element-95a42cd elementor-widget elementor-widget-text-editor\" data-id=\"95a42cd\" data-element_type=\"widget\" data-widget_type=\"text-editor.default\">\n\t\t\t\t<div class=\"elementor-widget-container\">\n\t\t\t\t\t\t\t\t\t<h1><strong>MISI\u00d3N<\/strong><\/h1><p style=\"text-align: justify;\">Otorgar a la poblaci\u00f3n Guerrerense servicios anal\u00edticos confiables, a trav\u00e9s de diagn\u00f3sticos oportunos que cumplan con los est\u00e1ndares normativos y de calidad vigentes que permitan tomar decisiones en la vigilancia epidemiol\u00f3gica y sanitaria ante un problema de salud que afecte a personas, sociedad o el ambiente.<\/p>\t\t\t\t\t\t\t\t<\/div>\n\t\t\t\t<\/div>\n\t\t\t\t<\/div>\n\t\t<div class=\"elementor-element elementor-element-4de72c3 e-con-full e-flex e-con e-child\" data-id=\"4de72c3\" data-element_type=\"container\">\n\t\t\t\t<div class=\"elementor-element elementor-element-bdc8265 elementor-widget elementor-widget-text-editor\" data-id=\"bdc8265\" data-element_type=\"widget\" data-widget_type=\"text-editor.default\">\n\t\t\t\t<div class=\"elementor-widget-container\">\n\t\t\t\t\t\t\t\t\t<h1><strong>VISI\u00d3N<\/strong><\/h1><p style=\"text-align: justify;\">Ser una instituci\u00f3n de vanguardia apegada a la normatividad vigente, con valores \u00e9ticos y profesionales que, mediante el uso de la TICs, se promueva la competencia t\u00e9cnica, anal\u00edtica y de investigaci\u00f3n como parte de salud p\u00fablica, certificando los procesos diagn\u00f3sticos para beneficio de nuestros usuarios.<\/p>\t\t\t\t\t\t\t\t<\/div>\n\t\t\t\t<\/div>\n\t\t\t\t<\/div>\n\t\t\t\t\t<\/div>\n\t\t\t\t<\/div>\n\t\t\t\t<\/div>\n\t\t","protected":false},"excerpt":{"rendered":"<p>MISI\u00d3N Otorgar a la poblaci\u00f3n Guerrerense servicios anal\u00edticos confiables, a trav\u00e9s de diagn\u00f3sticos oportunos que cumplan con los est\u00e1ndares normativos y de calidad vigentes que permitan tomar decisiones en la vigilancia epidemiol\u00f3gica y sanitaria ante un problema de salud que afecte a personas, sociedad o el ambiente. VISI\u00d3N Ser una instituci\u00f3n de vanguardia apegada a [&hellip;]<\/p>\n","protected":false},"author":1,"featured_media":0,"parent":0,"menu_order":0,"comment_status":"closed","ping_status":"closed","template":"","meta":{"footnotes":""},"class_list":["post-999956385","page","type-page","status-publish","hentry"],"_links":{"self":[{"href":"https:\/\/lesp.ses-gro.gob.mx\/index.php?rest_route=\/wp\/v2\/pages\/999956385","targetHints":{"allow":["GET"]}}],"collection":[{"href":"https:\/\/lesp.ses-gro.gob.mx\/index.php?rest_route=\/wp\/v2\/pages"}],"about":[{"href":"https:\/\/lesp.ses-gro.gob.mx\/index.php?rest_route=\/wp\/v2\/types\/page"}],"author":[{"embeddable":true,"href":"https:\/\/lesp.ses-gro.gob.mx\/index.php?rest_route=\/wp\/v2\/users\/1"}],"replies":[{"embeddable":true,"href":"https:\/\/lesp.ses-gro.gob.mx\/index.php?rest_route=%2Fwp%2Fv2%2Fcomments&post=999956385"}],"version-history":[{"count":13,"href":"https:\/\/lesp.ses-gro.gob.mx\/index.php?rest_route=\/wp\/v2\/pages\/999956385\/revisions"}],"predecessor-version":[{"id":999956863,"href":"https:\/\/lesp.ses-gro.gob.mx\/index.php?rest_route=\/wp\/v2\/pages\/999956385\/revisions\/999956863"}],"wp:attachment":[{"href":"https:\/\/lesp.ses-gro.gob.mx\/index.php?rest_route=%2Fwp%2Fv2%2Fmedia&parent=999956385"}],"curies":[{"name":"wp","href":"https:\/\/api.w.org\/{rel}","templated":true}]}}