{"id":999956287,"date":"2022-02-18T15:24:15","date_gmt":"2022-02-18T15:24:15","guid":{"rendered":"http:\/\/kiante.wowtheme7.com\/?page_id=2"},"modified":"2026-04-23T12:34:53","modified_gmt":"2026-04-23T18:34:53","slug":"coordinacion-de-recepcion-de-muestras-y-atencion-al-publico","status":"publish","type":"page","link":"https:\/\/lesp.ses-gro.gob.mx\/?page_id=999956287","title":{"rendered":"Coordinaci\u00f3n de Recepci\u00f3n de Muestras y Atenci\u00f3n al P\u00fablico"},"content":{"rendered":"\t\t<div data-elementor-type=\"wp-page\" data-elementor-id=\"999956287\" class=\"elementor elementor-999956287\">\n\t\t\t\t<div class=\"elementor-element elementor-element-334a2d9b e-con-full e-flex e-con e-parent\" data-id=\"334a2d9b\" data-element_type=\"container\">\n\t\t\t\t<div class=\"elementor-element elementor-element-74cfd5d4 elementor-widget elementor-widget-text-editor\" data-id=\"74cfd5d4\" data-element_type=\"widget\" data-widget_type=\"text-editor.default\">\n\t\t\t\t<div class=\"elementor-widget-container\">\n\t\t\t\t\t\t\t\t\t<p>La Coordinaci\u00f3n de recepci\u00f3n de muestras y atenci\u00f3n al p\u00fablico, es el \u00e1rea responsable de brindar atenci\u00f3n a los usuarios que acuden a solicitar los diagn\u00f3sticos para la vigilancia Epidemiol\u00f3gica o las determinaciones para la vigilancia Sanitaria que se realizan en el Laboratorio Estatal de Salud P\u00fablica \u201cDr. Galo Sober\u00f3n y Parra\u201d (LESP). En la coordinaci\u00f3n se lleva a cabo el proceso pre-anal\u00edtico de revisi\u00f3n, cotejo y registro de la muestra para su ingreso en el sistema, de acuerdo a los criterios de aceptaci\u00f3n y rechazo de los laboratorios que lo conforman y se concluye con el proceso post-anal\u00edtico con la entrega de un resultado.\u00a0<\/p>\n<p><!-- \/wp:paragraph --><!-- wp:paragraph --><\/p>\n<p>Horarios de atenci\u00f3n:<\/p>\n<p><!-- \/wp:paragraph --><!-- wp:paragraph --><\/p>\n<p>Lunes a domingo de 08:00 a 18:00 hrs.<\/p>\n<p><!-- \/wp:paragraph --><!-- wp:paragraph --><\/p>\n<p>Opciones de contacto:<\/p>\n<p><!-- \/wp:paragraph --><!-- wp:paragraph --><\/p>\n<p>Correo electr\u00f3nico: remu.guerrero@gmail.com y lesp_r_muestras@live.com<\/p>\n<p><!-- \/wp:paragraph --><!-- wp:paragraph --><\/p>\n<div>\u00a0<\/div>\n<p><strong>FORMATOS<\/strong><\/p>\n<p><a href=\"https:\/\/lesp.ses-gro.gob.mx\/wp-content\/uploads\/2026\/01\/RM-F-017-VER.-04-SOLICITUD-DE-MATERIAL-Y-MEDIOS-DE-TRANSPORTE.xlsx\">RM-F-017 VER. 04 SOLICITUD DE MATERIAL Y MEDIOS DE TRANSPORTE<\/a><\/p>\n<p><a href=\"https:\/\/lesp.ses-gro.gob.mx\/wp-content\/uploads\/2026\/01\/RM-F-020-VER-11-SOLICITUD-DE-ANALISIS-PARA-MUESTRA-SANITARIA.xlsx\">RM-F-020 VER 11 SOLICITUD DE ANALISIS PARA MUESTRA SANITARIA<\/a><\/p>\n<p><a href=\"https:\/\/lesp.ses-gro.gob.mx\/wp-content\/uploads\/2026\/04\/RM-F-020-VER-11-SOLICITUD-DE-ANALISIS-PARA-MUESTRA-SANITARIA.pdf\" target=\"_blank\" rel=\"noopener\">RM-F-020 VER 11 SOLICITUD DE ANALISIS PARA MUESTRA SANITARIA VERSION PDF<\/a><\/p>\n<p><a href=\"https:\/\/lesp.ses-gro.gob.mx\/wp-content\/uploads\/2026\/01\/RM-F-030-VER.-00-ENCUESTA-DE-SATISFACCION-AL-CLIENTE-INSTITUCIONAL.xlsx\">RM-F-030 VER. 00 ENCUESTA DE SATISFACCI\u00d3N AL CLIENTE INSTITUCIONAL<\/a><\/p>\n<p>\u00a0<\/p>\n<p><strong>INSTRUCTIVOS<\/strong><\/p>\n<p><a href=\"https:\/\/lesp.ses-gro.gob.mx\/wp-content\/uploads\/2026\/01\/RM-I-021-VER.-00-SOLICITUD-DE-MATERIAL-Y-MEDIOS-DE-TRANSPORTE.docx\">RM-I-021 VER. 00 SOLICITUD DE MATERIAL Y MEDIOS DE TRANSPORTE<\/a><\/p>\n<p><a href=\"https:\/\/lesp.ses-gro.gob.mx\/wp-content\/uploads\/2026\/03\/TOMA-DE-MUESTRA-PARA-CULTIVO-DE-TUBERCULOSIS.pdf\" target=\"_blank\" rel=\"noopener\">TOMA DE MUESTRA PARA CULTIVO DE TUBERCULOSIS<\/a><\/p>\n<p><strong>PROCEDIMIENTOS<\/strong><\/p>\n<p><a href=\"https:\/\/lesp.ses-gro.gob.mx\/wp-content\/uploads\/2026\/01\/PROCESO-DE-RECEPCION-DE-MUESRTRAS-COJUVE-ENERO-25-1.pdf\">PROCESO DE RECEPCI\u00d3N DE MUESTRAS COJUVE ENERO 25<\/a><\/p>\n<p><strong>MARCO ANAL\u00cdTICO<\/strong><\/p>\n<p>\u00a0<\/p>\n<p>\u00a0<\/p>\n<p>\u00a0<\/p>\n<p><!-- \/wp:file --><\/p>\t\t\t\t\t\t\t\t<\/div>\n\t\t\t\t<\/div>\n\t\t\t\t<\/div>\n\t\t\t\t<\/div>\n\t\t","protected":false},"excerpt":{"rendered":"<p>La Coordinaci\u00f3n de recepci\u00f3n de muestras y atenci\u00f3n al p\u00fablico, es el \u00e1rea responsable de brindar atenci\u00f3n a los usuarios que acuden a solicitar los diagn\u00f3sticos para la vigilancia Epidemiol\u00f3gica o las determinaciones para la vigilancia Sanitaria que se realizan en el Laboratorio Estatal de Salud P\u00fablica \u201cDr. Galo Sober\u00f3n y Parra\u201d (LESP). En la [&hellip;]<\/p>\n","protected":false},"author":1,"featured_media":0,"parent":0,"menu_order":0,"comment_status":"closed","ping_status":"closed","template":"","meta":{"footnotes":""},"class_list":["post-999956287","page","type-page","status-publish","hentry"],"_links":{"self":[{"href":"https:\/\/lesp.ses-gro.gob.mx\/index.php?rest_route=\/wp\/v2\/pages\/999956287","targetHints":{"allow":["GET"]}}],"collection":[{"href":"https:\/\/lesp.ses-gro.gob.mx\/index.php?rest_route=\/wp\/v2\/pages"}],"about":[{"href":"https:\/\/lesp.ses-gro.gob.mx\/index.php?rest_route=\/wp\/v2\/types\/page"}],"author":[{"embeddable":true,"href":"https:\/\/lesp.ses-gro.gob.mx\/index.php?rest_route=\/wp\/v2\/users\/1"}],"replies":[{"embeddable":true,"href":"https:\/\/lesp.ses-gro.gob.mx\/index.php?rest_route=%2Fwp%2Fv2%2Fcomments&post=999956287"}],"version-history":[{"count":98,"href":"https:\/\/lesp.ses-gro.gob.mx\/index.php?rest_route=\/wp\/v2\/pages\/999956287\/revisions"}],"predecessor-version":[{"id":999956917,"href":"https:\/\/lesp.ses-gro.gob.mx\/index.php?rest_route=\/wp\/v2\/pages\/999956287\/revisions\/999956917"}],"wp:attachment":[{"href":"https:\/\/lesp.ses-gro.gob.mx\/index.php?rest_route=%2Fwp%2Fv2%2Fmedia&parent=999956287"}],"curies":[{"name":"wp","href":"https:\/\/api.w.org\/{rel}","templated":true}]}}